{"id":27,"date":"2016-05-22T04:26:40","date_gmt":"2016-05-22T04:26:40","guid":{"rendered":"http:\/\/localhost:8888\/?page_id=27"},"modified":"2020-11-15T03:17:06","modified_gmt":"2020-11-15T03:17:06","slug":"join","status":"publish","type":"page","link":"https:\/\/www.skipatrol.ca\/quebec\/join\/","title":{"rendered":"Recrutement"},"content":{"rendered":"<p>Quels sont les b\u00e9n\u00e9fices \u00e0 devenir b\u00e9n\u00e9vole au sein de la Patrouille Canadienne de Ski?\u00a0 En voici quelques-uns<\/p>\n<p><img loading=\"lazy\" decoding=\"async\" class=\" wp-image-1326 alignright\" src=\"https:\/\/www.skipatrol.ca\/quebec-division-dev\/wp-content\/uploads\/sites\/22\/2019\/07\/Web-3-300x169.jpg\" alt=\"\" width=\"449\" height=\"253\" srcset=\"https:\/\/www.skipatrol.ca\/sites\/www.skipatrol.ca\/wp-content\/uploads\/sites\/22\/2019\/07\/Web-3-300x169.jpg 300w, https:\/\/www.skipatrol.ca\/sites\/www.skipatrol.ca\/wp-content\/uploads\/sites\/22\/2019\/07\/Web-3-768x432.jpg 768w, https:\/\/www.skipatrol.ca\/sites\/www.skipatrol.ca\/wp-content\/uploads\/sites\/22\/2019\/07\/Web-3-560x315.jpg 560w, https:\/\/www.skipatrol.ca\/sites\/www.skipatrol.ca\/wp-content\/uploads\/sites\/22\/2019\/07\/Web-3.jpg 960w\" sizes=\"auto, (max-width: 449px) 100vw, 449px\" \/><\/p>\n<ul>\n<li>Formation de premiers soins avanc\u00e9s<\/li>\n<li>La Patrouille Canadienne de Ski est une grande famille de sports de glisse<\/li>\n<li>Vous pourrez redonner \u00e0 la communaut\u00e9 en aidant les gens qui ont besoin<\/li>\n<li>Avoir acc\u00e8s \u00e0 des avantages commerciaux en lien avec le domaine du ski (tarifs pros sur certains \u00e9quipements)<\/li>\n<li>Possibilit\u00e9 de participer \u00e0 des comp\u00e9titions de premiers soins (comp\u00e9tition avec des \u00e9quipe provenant de plusieurs r\u00e9gions du Qu\u00e9bec)<\/li>\n<li>Plusieurs \u00e9v\u00e9nements sociaux plus int\u00e9ressants et amusants les uns que les autres!!<\/li>\n<\/ul>\n<p>Nous travaillons en partenariat avec plusieurs centres au travers du Canada<\/p>\n<h5><a href=\"https:\/\/www.skipatrol.ca\/where-we-play\/\">Venez vous joindre \u00e0 nous!<\/a><\/h5>\n<p>&nbsp;<\/p>\n<p>Chaque ann\u00e9e, les diff\u00e9rents centres organisent une journ\u00e9e Patrouilleur d\u2019un jour.\u00a0 Joindre la PCS peut \u00eatre un engagement majeur, donc nous vous encourageons fortement \u00e0 participer \u00e0 cette journ\u00e9e pour y d\u00e9couvrir toutes les facettes.<\/p>\n<p>\u00c0 cette journ\u00e9e, vous allez d\u00e9couvrir ce qu\u2019est une journ\u00e9e dans la vie d\u2019un patrouilleur, une simulation d\u2019accident, un retour sur votre ski\/snowboard, de l\u2019information sur la formation et ainsi que sur\u00a0les assignations requises.\u00a0 C\u2019est aussi une belle occasion de rencontrer les patrouilleurs du\u00a0centre!<\/p>\n<p>Vous allez passer une journ\u00e9e privil\u00e9gi\u00e9e avec un patrouilleur d\u2019exp\u00e9rience.\u00a0 Ceci est organis\u00e9 directement avec la patrouille locale.<\/p>\n<p><b>Voici quelques commentaires re\u00e7us de participants \u00e0 propos du Patrouilleur d\u2019un\u00a0<\/b><\/p>\n<p><b><i>Quelle bonne fa\u00e7on de nous pr\u00e9parer \u00e0 \u00eatre patrouilleur &#8211; ceci a confirm\u00e9 ma\u00a0d\u00e9cision!<\/i><\/b><\/p>\n<p><b><i>Belle journ\u00e9e, que de\u00a0plaisirs!<\/i><\/b><\/p>\n<p><b><i>J\u2019ai eu beaucoup de plaisirs, merci de m\u2019avoir impliqu\u00e9 dans cette journ\u00e9e!<\/i><\/b><\/p>\n<p>Si malheureusement vous n\u2019\u00eates pas disponible \u00e0 la journ\u00e9e d\u00e9termin\u00e9e, vous pouvez prendre arrangement avec la patrouille locale pour trouver une date qui vous convient<\/p>\n<h5>La formation<\/h5>\n<p>L&rsquo;inscription et les cours d\u00e9butent g\u00e9n\u00e9ralement \u00e0 l&rsquo;automne<span data-contrast=\"auto\">,<\/span><span data-contrast=\"auto\">\u00a0tout d\u00e9pendant de la zone. Chaque nouveau membre re\u00e7oit une formation de 60 heures en premiers soins, incluant la r\u00e9animation cardio-respiratoire (RCR). Ce cours est obligatoire pour tous les nouveaux membres. La formation sur pentes incluant le maniement du tra\u00eeneau est par la suite enseign\u00e9e dans chaque centre. Apr\u00e8s avoir compl\u00e9t\u00e9 avec succ\u00e8s les tests th\u00e9oriques et pratiques, vous deviendrez un membre qualifi\u00e9 de la Patrouille canadienne de ski.<\/span><\/p>\n<p>Pour devenir membre de la PCS, vous devez \u00eatre \u00e2g\u00e9 d&rsquo;au moins 18 ans et skier avec aisance.<\/p>\n<p>N&rsquo;h\u00e9sitez pas \u00e0 communiquer avec nous pour toute autre information.<\/p>\n<p><img loading=\"lazy\" decoding=\"async\" class=\"alignnone wp-image-1324\" src=\"http:\/\/www.skipatrol.ca\/sites\/www.skipatrol.ca\/wp-content\/\/uploads\/sites\/22\/2019\/07\/WEB-1-300x169.jpg\" alt=\"\" width=\"500\" height=\"281\" srcset=\"https:\/\/www.skipatrol.ca\/sites\/www.skipatrol.ca\/wp-content\/uploads\/sites\/22\/2019\/07\/WEB-1-300x169.jpg 300w, https:\/\/www.skipatrol.ca\/sites\/www.skipatrol.ca\/wp-content\/uploads\/sites\/22\/2019\/07\/WEB-1-768x432.jpg 768w, https:\/\/www.skipatrol.ca\/sites\/www.skipatrol.ca\/wp-content\/uploads\/sites\/22\/2019\/07\/WEB-1-560x315.jpg 560w, https:\/\/www.skipatrol.ca\/sites\/www.skipatrol.ca\/wp-content\/uploads\/sites\/22\/2019\/07\/WEB-1.jpg 960w\" sizes=\"auto, (max-width: 500px) 100vw, 500px\" \/><\/p>\n","protected":false},"excerpt":{"rendered":"<p>Quels sont les b\u00e9n\u00e9fices \u00e0 devenir b\u00e9n\u00e9vole au sein de la Patrouille Canadienne de Ski?\u00a0 En voici quelques-uns Formation de<\/p>\n","protected":false},"author":1,"featured_media":0,"parent":0,"menu_order":0,"comment_status":"closed","ping_status":"closed","template":"page-templates\/contact.php","meta":{"footnotes":""},"class_list":["post-27","page","type-page","status-publish","hentry"],"_links":{"self":[{"href":"https:\/\/www.skipatrol.ca\/quebec\/wp-json\/wp\/v2\/pages\/27","targetHints":{"allow":["GET"]}}],"collection":[{"href":"https:\/\/www.skipatrol.ca\/quebec\/wp-json\/wp\/v2\/pages"}],"about":[{"href":"https:\/\/www.skipatrol.ca\/quebec\/wp-json\/wp\/v2\/types\/page"}],"author":[{"embeddable":true,"href":"https:\/\/www.skipatrol.ca\/quebec\/wp-json\/wp\/v2\/users\/1"}],"replies":[{"embeddable":true,"href":"https:\/\/www.skipatrol.ca\/quebec\/wp-json\/wp\/v2\/comments?post=27"}],"version-history":[{"count":33,"href":"https:\/\/www.skipatrol.ca\/quebec\/wp-json\/wp\/v2\/pages\/27\/revisions"}],"predecessor-version":[{"id":2072,"href":"https:\/\/www.skipatrol.ca\/quebec\/wp-json\/wp\/v2\/pages\/27\/revisions\/2072"}],"wp:attachment":[{"href":"https:\/\/www.skipatrol.ca\/quebec\/wp-json\/wp\/v2\/media?parent=27"}],"curies":[{"name":"wp","href":"https:\/\/api.w.org\/{rel}","templated":true}]}}