{"id":2,"date":"2023-02-24T14:28:39","date_gmt":"2023-02-24T19:28:39","guid":{"rendered":"https:\/\/www.skipatrol.ca\/zone-est-quebec-dev\/?page_id=2"},"modified":"2023-04-11T14:23:29","modified_gmt":"2023-04-11T18:23:29","slug":"sample-page","status":"publish","type":"page","link":"https:\/\/www.skipatrol.ca\/zone-est-quebec-dev\/sample-page\/","title":{"rendered":"\u00c0 propos"},"content":{"rendered":"<p>La Patrouille canadienne de ski (la PCS) est une corporation sans but lucratif form\u00e9e de membres b\u00e9n\u00e9voles et professionnels ayant re\u00e7u une excellente formation. L\u2019Organisation, qui \u0153uvre \u00e0 l\u2019\u00e9chelle nationale, a \u00e9t\u00e9 cr\u00e9e afin de promouvoir la s\u00e9curit\u00e9 en ski et d\u2019offrir un service de premiers soins \u00e0 la client\u00e8le dans le besoin. La PCS offre, sans frais, un service uniforme, hautement comp\u00e9tent et responsable aux amateurs de sports de glisse.<\/p>\n<p>La Patrouille canadienne de ski a \u00e9t\u00e9 fond\u00e9e en 1941 et compte maintenant plus de 4000 membres b\u00e9n\u00e9voles \u00e0 travers le Canada et patrouille activement dans 230 stations de ski d\u2019un oc\u00e9an \u00e0 l\u2019autre. La PCS\u00a0est reconnue pour la qualit\u00e9 et le professionnalisme de ses membres.<\/p>\n<p>La PCS forme des patrouilleurs alpins, nordiques, sur planche \u00e0 neige et en t\u00e9l\u00e9mark. Les services offerts aux membres incluent, entre autres, une formation de haut calibre en premiers soins, une assurance pour les patrouilleurs b\u00e9n\u00e9voles, des uniformes et les manuels de formation.<\/p>\n<p><strong>La Patrouille canadienne de Ski (PCS) offre ses services aux zones comme la zone de l&rsquo;est du Qu\u00e9bec, celles-ci offrent leurs services aux centres de ski (alpins et nordiques).<\/strong><\/p>\n<p><strong>Les deux centres de skis de la zone est du Qu\u00e9bec sont:<\/strong><\/p>\n<p><a href=\"https:\/\/www.montcastor.ca\/\" target=\"_blank\" rel=\"noopener\">Le Mont Castor de Matane<\/a><br \/>\n<a href=\"https:\/\/maneige.ski\/stations\/centre-de-plein-air-de-la-haute-gaspesie\/\" target=\"_blank\" rel=\"noopener\">Le centre de plein air de la haute Gasp\u00e9sie \u00e0 Ste-Anne des Monts<\/a><\/p>\n","protected":false},"excerpt":{"rendered":"<p>La Patrouille canadienne de ski (la PCS) est une corporation sans but lucratif form\u00e9e de membres b\u00e9n\u00e9voles et professionnels ayant<\/p>\n","protected":false},"author":3206,"featured_media":0,"parent":0,"menu_order":0,"comment_status":"closed","ping_status":"open","template":"","meta":{"footnotes":""},"class_list":["post-2","page","type-page","status-publish","hentry"],"_links":{"self":[{"href":"https:\/\/www.skipatrol.ca\/zone-est-quebec-dev\/wp-json\/wp\/v2\/pages\/2","targetHints":{"allow":["GET"]}}],"collection":[{"href":"https:\/\/www.skipatrol.ca\/zone-est-quebec-dev\/wp-json\/wp\/v2\/pages"}],"about":[{"href":"https:\/\/www.skipatrol.ca\/zone-est-quebec-dev\/wp-json\/wp\/v2\/types\/page"}],"author":[{"embeddable":true,"href":"https:\/\/www.skipatrol.ca\/zone-est-quebec-dev\/wp-json\/wp\/v2\/users\/3206"}],"replies":[{"embeddable":true,"href":"https:\/\/www.skipatrol.ca\/zone-est-quebec-dev\/wp-json\/wp\/v2\/comments?post=2"}],"version-history":[{"count":6,"href":"https:\/\/www.skipatrol.ca\/zone-est-quebec-dev\/wp-json\/wp\/v2\/pages\/2\/revisions"}],"predecessor-version":[{"id":74,"href":"https:\/\/www.skipatrol.ca\/zone-est-quebec-dev\/wp-json\/wp\/v2\/pages\/2\/revisions\/74"}],"wp:attachment":[{"href":"https:\/\/www.skipatrol.ca\/zone-est-quebec-dev\/wp-json\/wp\/v2\/media?parent=2"}],"curies":[{"name":"wp","href":"https:\/\/api.w.org\/{rel}","templated":true}]}}