{"id":60,"date":"2023-03-02T09:51:11","date_gmt":"2023-03-02T14:51:11","guid":{"rendered":"https:\/\/www.skipatrol.ca\/zone-est-quebec-dev\/?page_id=60"},"modified":"2023-04-11T14:36:14","modified_gmt":"2023-04-11T18:36:14","slug":"nos-stations","status":"publish","type":"page","link":"https:\/\/www.skipatrol.ca\/zone-est-quebec-dev\/nos-stations\/","title":{"rendered":"Nos Stations"},"content":{"rendered":"<p><a href=\"http:\/\/montcastor.ca\" target=\"_blank\" rel=\"noopener\">Mont Castor<\/a><\/p>\n<p>238 route du centre de ski<\/p>\n<p>Matane, Qu\u00e9bec G4W 3M7<\/p>\n<p>t\u00e9l\u00e9phone: 418-562-1513<\/p>\n<p>&nbsp;<\/p>\n<p><a href=\"https:\/\/maneige.ski\/stations\/centre-de-plein-air-de-la-haute-gaspesie\/\" target=\"_blank\" rel=\"noopener\">Centre de plein air de la haute Gasp\u00e9sie<\/a><\/p>\n<p>295, route Bellevue,<\/p>\n<p>Sainte-Anne-des-Monts, Qu\u00e9bec G4V 2S5<\/p>\n<p>T\u00e9l\u00e9phone: 418 763-5527<\/p>\n","protected":false},"excerpt":{"rendered":"<p>Mont Castor 238 route du centre de ski Matane, Qu\u00e9bec G4W 3M7 t\u00e9l\u00e9phone: 418-562-1513 &nbsp; Centre de plein air de<\/p>\n","protected":false},"author":155,"featured_media":0,"parent":0,"menu_order":0,"comment_status":"closed","ping_status":"closed","template":"","meta":{"footnotes":""},"class_list":["post-60","page","type-page","status-publish","hentry"],"_links":{"self":[{"href":"https:\/\/www.skipatrol.ca\/zone-est-quebec-dev\/wp-json\/wp\/v2\/pages\/60","targetHints":{"allow":["GET"]}}],"collection":[{"href":"https:\/\/www.skipatrol.ca\/zone-est-quebec-dev\/wp-json\/wp\/v2\/pages"}],"about":[{"href":"https:\/\/www.skipatrol.ca\/zone-est-quebec-dev\/wp-json\/wp\/v2\/types\/page"}],"author":[{"embeddable":true,"href":"https:\/\/www.skipatrol.ca\/zone-est-quebec-dev\/wp-json\/wp\/v2\/users\/155"}],"replies":[{"embeddable":true,"href":"https:\/\/www.skipatrol.ca\/zone-est-quebec-dev\/wp-json\/wp\/v2\/comments?post=60"}],"version-history":[{"count":8,"href":"https:\/\/www.skipatrol.ca\/zone-est-quebec-dev\/wp-json\/wp\/v2\/pages\/60\/revisions"}],"predecessor-version":[{"id":79,"href":"https:\/\/www.skipatrol.ca\/zone-est-quebec-dev\/wp-json\/wp\/v2\/pages\/60\/revisions\/79"}],"wp:attachment":[{"href":"https:\/\/www.skipatrol.ca\/zone-est-quebec-dev\/wp-json\/wp\/v2\/media?parent=60"}],"curies":[{"name":"wp","href":"https:\/\/api.w.org\/{rel}","templated":true}]}}